{"id":2,"date":"2020-09-04T22:16:26","date_gmt":"2020-09-04T22:16:26","guid":{"rendered":"https:\/\/wuwei-leibarbeit.com\/?page_id=2"},"modified":"2026-01-08T20:14:48","modified_gmt":"2026-01-08T20:14:48","slug":"sample-page","status":"publish","type":"page","link":"https:\/\/wuwei-leibarbeit.com\/","title":{"rendered":""},"content":{"rendered":"<div class=\"wp-block-image\">\n<figure class=\"aligncenter size-large is-resized\"><img loading=\"lazy\" decoding=\"async\" width=\"1024\" height=\"1024\" src=\"https:\/\/wuwei-leibarbeit.com\/wp-content\/uploads\/2020\/09\/Wu Wei logo2k-1024x1024.png\" alt=\"\" class=\"wp-image-151\" style=\"width:610px;height:610px\" srcset=\"https:\/\/wuwei-leibarbeit.com\/wp-content\/uploads\/2020\/09\/Wu%20Wei%20logo2k-1024x1024.png 1024w, https:\/\/wuwei-leibarbeit.com\/wp-content\/uploads\/2020\/09\/Wu%20Wei%20logo2k-300x300.png 300w, https:\/\/wuwei-leibarbeit.com\/wp-content\/uploads\/2020\/09\/Wu%20Wei%20logo2k-150x150.png 150w, https:\/\/wuwei-leibarbeit.com\/wp-content\/uploads\/2020\/09\/Wu%20Wei%20logo2k-768x768.png 768w, https:\/\/wuwei-leibarbeit.com\/wp-content\/uploads\/2020\/09\/Wu%20Wei%20logo2k-1536x1536.png 1536w, https:\/\/wuwei-leibarbeit.com\/wp-content\/uploads\/2020\/09\/Wu%20Wei%20logo2k-1200x1200.png 1200w, https:\/\/wuwei-leibarbeit.com\/wp-content\/uploads\/2020\/09\/Wu%20Wei%20logo2k-1980x1980.png 1980w, https:\/\/wuwei-leibarbeit.com\/wp-content\/uploads\/2020\/09\/Wu%20Wei%20logo2k.png 2048w\" sizes=\"(max-width: 1024px) 100vw, 1024px\" \/><figcaption class=\"wp-element-caption\"><strong>Herzlich willkommen <\/strong><\/figcaption><\/figure><\/div>\n\n\n<figure class=\"wp-block-gallery has-nested-images columns-4 is-cropped wp-block-gallery-1 is-layout-flex wp-block-gallery-is-layout-flex\">\n<figure class=\"wp-block-image size-large\"><img loading=\"lazy\" decoding=\"async\" width=\"342\" height=\"456\" data-id=\"97\" src=\"https:\/\/wuwei-leibarbeit.com\/wp-content\/uploads\/2020\/09\/118766103_4431752356895740_2782992714102442914_n.jpg\" alt=\"\" class=\"wp-image-97\" srcset=\"https:\/\/wuwei-leibarbeit.com\/wp-content\/uploads\/2020\/09\/118766103_4431752356895740_2782992714102442914_n.jpg 342w, https:\/\/wuwei-leibarbeit.com\/wp-content\/uploads\/2020\/09\/118766103_4431752356895740_2782992714102442914_n-225x300.jpg 225w\" sizes=\"(max-width: 342px) 100vw, 342px\" \/><\/figure>\n\n\n\n<figure class=\"wp-block-image size-large\"><img loading=\"lazy\" decoding=\"async\" width=\"761\" height=\"1024\" data-id=\"102\" src=\"https:\/\/wuwei-leibarbeit.com\/wp-content\/uploads\/2020\/09\/Screenshot_20200905_035135-761x1024.jpg\" alt=\"\" class=\"wp-image-102\" srcset=\"https:\/\/wuwei-leibarbeit.com\/wp-content\/uploads\/2020\/09\/Screenshot_20200905_035135-761x1024.jpg 761w, https:\/\/wuwei-leibarbeit.com\/wp-content\/uploads\/2020\/09\/Screenshot_20200905_035135-223x300.jpg 223w, https:\/\/wuwei-leibarbeit.com\/wp-content\/uploads\/2020\/09\/Screenshot_20200905_035135-768x1033.jpg 768w, https:\/\/wuwei-leibarbeit.com\/wp-content\/uploads\/2020\/09\/Screenshot_20200905_035135.jpg 842w\" sizes=\"(max-width: 761px) 100vw, 761px\" \/><\/figure>\n\n\n\n<figure class=\"wp-block-image size-large\"><img loading=\"lazy\" decoding=\"async\" width=\"342\" height=\"456\" data-id=\"47\" src=\"https:\/\/wuwei-leibarbeit.com\/wp-content\/uploads\/2020\/09\/118766221_318470782703266_1245332488289825992_n.jpg\" alt=\"\" class=\"wp-image-47\" srcset=\"https:\/\/wuwei-leibarbeit.com\/wp-content\/uploads\/2020\/09\/118766221_318470782703266_1245332488289825992_n.jpg 342w, https:\/\/wuwei-leibarbeit.com\/wp-content\/uploads\/2020\/09\/118766221_318470782703266_1245332488289825992_n-225x300.jpg 225w\" sizes=\"(max-width: 342px) 100vw, 342px\" \/><\/figure>\n\n\n\n<figure class=\"wp-block-image size-large\"><img loading=\"lazy\" decoding=\"async\" width=\"1024\" height=\"683\" data-id=\"51\" src=\"https:\/\/wuwei-leibarbeit.com\/wp-content\/uploads\/2020\/09\/118769585_342037386845488_301481804259816787_n-1-1024x683.jpg\" alt=\"\" class=\"wp-image-51\" srcset=\"https:\/\/wuwei-leibarbeit.com\/wp-content\/uploads\/2020\/09\/118769585_342037386845488_301481804259816787_n-1-1024x683.jpg 1024w, https:\/\/wuwei-leibarbeit.com\/wp-content\/uploads\/2020\/09\/118769585_342037386845488_301481804259816787_n-1-300x200.jpg 300w, https:\/\/wuwei-leibarbeit.com\/wp-content\/uploads\/2020\/09\/118769585_342037386845488_301481804259816787_n-1-768x512.jpg 768w, https:\/\/wuwei-leibarbeit.com\/wp-content\/uploads\/2020\/09\/118769585_342037386845488_301481804259816787_n-1-1536x1024.jpg 1536w, https:\/\/wuwei-leibarbeit.com\/wp-content\/uploads\/2020\/09\/118769585_342037386845488_301481804259816787_n-1-1200x800.jpg 1200w, https:\/\/wuwei-leibarbeit.com\/wp-content\/uploads\/2020\/09\/118769585_342037386845488_301481804259816787_n-1-1980x1320.jpg 1980w, https:\/\/wuwei-leibarbeit.com\/wp-content\/uploads\/2020\/09\/118769585_342037386845488_301481804259816787_n-1.jpg 2048w\" sizes=\"(max-width: 1024px) 100vw, 1024px\" \/><\/figure>\n<\/figure>\n\n\n\n<p>Wir bieten Seminare und Kurse zu Tai Chi Chuan im Yang Stil an. Unsere Kurse finden mehrmals w\u00f6chentlich statt. Desweiteren bieten wir Tagesseminare an mit Freihand- und Waffenformen. Privatstunden k\u00f6nnen nach Absprache vereinbart werden. Unsere Kurse sind f\u00fcr Anf\u00e4nger und erfahrene Tai Chi&#8217;ler geeignet.<\/p>\n\n\n\n<blockquote class=\"wp-block-quote is-layout-flow wp-block-quote-is-layout-flow\">\n<p><em>Wir haben einen K\u00f6rper, aber wir sind Leib<\/em>.<\/p>\n<\/blockquote>\n\n\n\n<p>Leib sein bedeutet kurz und knapp das Leben sp\u00fcren. Das was uns ber\u00fchrt und ergreift. Doch genauso wie das Chinesische Wort Chi (Qi) nicht einfach als Energie \u00fcbersetzbar ist, so gilt das auch f\u00fcr das Wort Leib.<\/p>\n\n\n\n<p>Tai Chi Chuan ist ein jahrhundertealter \u00dcbungsweg. Gesundheits\u00fcbung Meditation, ber\u00fchmteste Kampfkunst des alten Chinas. Ein Weg zur Selbst- und Welterkenntnis, sich wahrnehmen und sp\u00fcren. In jeder Bewegung schwingen die Geschichten alter Meister, Philosophen und Gelehrten mit. Tai Chi Chuan ist vielschichtig. Unser \u00dcbungsschatz reicht von freih\u00e4ndigen \u00dcbungen \u00fcber Ger\u00e4te\u00fcbungen bis hin zu Partner\u00fcbungen.<\/p>\n","protected":false},"excerpt":{"rendered":"<p>Wir bieten Seminare und Kurse zu Tai Chi Chuan im Yang Stil an. Unsere Kurse finden mehrmals w\u00f6chentlich statt. Desweiteren bieten wir Tagesseminare an mit Freihand- und Waffenformen. Privatstunden k\u00f6nnen nach Absprache vereinbart werden. Unsere Kurse sind f\u00fcr Anf\u00e4nger und erfahrene Tai Chi&#8217;ler geeignet. Wir haben einen K\u00f6rper, aber wir sind Leib. Leib sein bedeutet [&hellip;]<\/p>\n","protected":false},"author":1,"featured_media":0,"parent":0,"menu_order":0,"comment_status":"closed","ping_status":"open","template":"","meta":{"footnotes":""},"_links":{"self":[{"href":"https:\/\/wuwei-leibarbeit.com\/index.php\/wp-json\/wp\/v2\/pages\/2"}],"collection":[{"href":"https:\/\/wuwei-leibarbeit.com\/index.php\/wp-json\/wp\/v2\/pages"}],"about":[{"href":"https:\/\/wuwei-leibarbeit.com\/index.php\/wp-json\/wp\/v2\/types\/page"}],"author":[{"embeddable":true,"href":"https:\/\/wuwei-leibarbeit.com\/index.php\/wp-json\/wp\/v2\/users\/1"}],"replies":[{"embeddable":true,"href":"https:\/\/wuwei-leibarbeit.com\/index.php\/wp-json\/wp\/v2\/comments?post=2"}],"version-history":[{"count":18,"href":"https:\/\/wuwei-leibarbeit.com\/index.php\/wp-json\/wp\/v2\/pages\/2\/revisions"}],"predecessor-version":[{"id":202,"href":"https:\/\/wuwei-leibarbeit.com\/index.php\/wp-json\/wp\/v2\/pages\/2\/revisions\/202"}],"wp:attachment":[{"href":"https:\/\/wuwei-leibarbeit.com\/index.php\/wp-json\/wp\/v2\/media?parent=2"}],"curies":[{"name":"wp","href":"https:\/\/api.w.org\/{rel}","templated":true}]}}