{"id":18,"date":"2020-09-04T23:42:37","date_gmt":"2020-09-04T23:42:37","guid":{"rendered":"https:\/\/wuwei-leibarbeit.com\/?page_id=18"},"modified":"2025-06-01T12:14:57","modified_gmt":"2025-06-01T12:14:57","slug":"seminare","status":"publish","type":"page","link":"https:\/\/wuwei-leibarbeit.com\/index.php\/sample-page\/seminare\/","title":{"rendered":"Seminare"},"content":{"rendered":"<div class=\"wp-block-image is-style-rounded\">\n<figure class=\"aligncenter size-large\"><img loading=\"lazy\" decoding=\"async\" width=\"342\" height=\"456\" src=\"https:\/\/wuwei-leibarbeit.com\/wp-content\/uploads\/2020\/09\/118784269_318610565865315_4623895793389142993_n-1.jpg\" alt=\"\" class=\"wp-image-74\" srcset=\"https:\/\/wuwei-leibarbeit.com\/wp-content\/uploads\/2020\/09\/118784269_318610565865315_4623895793389142993_n-1.jpg 342w, https:\/\/wuwei-leibarbeit.com\/wp-content\/uploads\/2020\/09\/118784269_318610565865315_4623895793389142993_n-1-225x300.jpg 225w\" sizes=\"(max-width: 342px) 100vw, 342px\" \/><\/figure><\/div>\n\n\n<p><strong>Aktuelle Seminar<\/strong>e<\/p>\n\n\n\n<p>Vorank\u00fcndigungen:<\/p>\n\n\n\n<figure class=\"wp-block-image size-large\"><img loading=\"lazy\" decoding=\"async\" width=\"724\" height=\"1024\" src=\"https:\/\/wuwei-leibarbeit.com\/wp-content\/uploads\/2025\/06\/SeminarWerbung-724x1024.jpg\" alt=\"\" class=\"wp-image-196\" srcset=\"https:\/\/wuwei-leibarbeit.com\/wp-content\/uploads\/2025\/06\/SeminarWerbung-724x1024.jpg 724w, https:\/\/wuwei-leibarbeit.com\/wp-content\/uploads\/2025\/06\/SeminarWerbung-212x300.jpg 212w, https:\/\/wuwei-leibarbeit.com\/wp-content\/uploads\/2025\/06\/SeminarWerbung-768x1087.jpg 768w, https:\/\/wuwei-leibarbeit.com\/wp-content\/uploads\/2025\/06\/SeminarWerbung-1086x1536.jpg 1086w, https:\/\/wuwei-leibarbeit.com\/wp-content\/uploads\/2025\/06\/SeminarWerbung-1447x2048.jpg 1447w, https:\/\/wuwei-leibarbeit.com\/wp-content\/uploads\/2025\/06\/SeminarWerbung-1200x1698.jpg 1200w, https:\/\/wuwei-leibarbeit.com\/wp-content\/uploads\/2025\/06\/SeminarWerbung-1980x2802.jpg 1980w, https:\/\/wuwei-leibarbeit.com\/wp-content\/uploads\/2025\/06\/SeminarWerbung-scaled.jpg 1809w\" sizes=\"(max-width: 724px) 100vw, 724px\" \/><\/figure>\n\n\n\n<p>Samstag 19.07.2025 von 11 bis 18 Uhr  &#8211; Lange S\u00e4belform mit Andrew Dabioch und Ingo Schmitt ( Gr\u00fcnder und Meister der Tao Academy in Wilhelmshaven)<\/p>\n\n\n\n<p>Weiter Informationen, sowie Anmeldung auf der Tao Academy Website  <a href=\"http:\/\/www.tao-academy.de\">http:\/\/www.tao-academy.de<\/a><\/p>\n\n\n\n<p>F\u00fcr Fragen zum Seminar stehen auch wir per Mail zu verf\u00fcgung:<\/p>\n\n\n\n<p>wuwei-leibarbeit@t-online.de<\/p>\n\n\n\n<p>Bitte die jeweiligen Anmeldefristen beachten<\/p>\n\n\n\n<p><\/p>\n\n\n\n<figure class=\"wp-block-image size-large\"><img loading=\"lazy\" decoding=\"async\" width=\"724\" height=\"1024\" src=\"https:\/\/wuwei-leibarbeit.com\/wp-content\/uploads\/2024\/09\/Schwert32Am5.Okt_-724x1024.jpg\" alt=\"\" class=\"wp-image-171\" srcset=\"https:\/\/wuwei-leibarbeit.com\/wp-content\/uploads\/2024\/09\/Schwert32Am5.Okt_-724x1024.jpg 724w, https:\/\/wuwei-leibarbeit.com\/wp-content\/uploads\/2024\/09\/Schwert32Am5.Okt_-212x300.jpg 212w, https:\/\/wuwei-leibarbeit.com\/wp-content\/uploads\/2024\/09\/Schwert32Am5.Okt_-768x1086.jpg 768w, https:\/\/wuwei-leibarbeit.com\/wp-content\/uploads\/2024\/09\/Schwert32Am5.Okt_-1086x1536.jpg 1086w, https:\/\/wuwei-leibarbeit.com\/wp-content\/uploads\/2024\/09\/Schwert32Am5.Okt_-1448x2048.jpg 1448w, https:\/\/wuwei-leibarbeit.com\/wp-content\/uploads\/2024\/09\/Schwert32Am5.Okt_-1200x1697.jpg 1200w, https:\/\/wuwei-leibarbeit.com\/wp-content\/uploads\/2024\/09\/Schwert32Am5.Okt_.jpg 1654w\" sizes=\"(max-width: 724px) 100vw, 724px\" \/><\/figure>\n\n\n\n<figure class=\"wp-block-gallery has-nested-images columns-default is-cropped wp-block-gallery-1 is-layout-flex wp-block-gallery-is-layout-flex\">\n<figure class=\"wp-block-image size-large\"><img loading=\"lazy\" decoding=\"async\" width=\"724\" height=\"1024\" data-id=\"172\" src=\"https:\/\/wuwei-leibarbeit.com\/wp-content\/uploads\/2024\/09\/24LangstockFertigWerbung-2-724x1024.jpg\" alt=\"\" class=\"wp-image-172\" srcset=\"https:\/\/wuwei-leibarbeit.com\/wp-content\/uploads\/2024\/09\/24LangstockFertigWerbung-2-724x1024.jpg 724w, https:\/\/wuwei-leibarbeit.com\/wp-content\/uploads\/2024\/09\/24LangstockFertigWerbung-2-212x300.jpg 212w, https:\/\/wuwei-leibarbeit.com\/wp-content\/uploads\/2024\/09\/24LangstockFertigWerbung-2-768x1086.jpg 768w, https:\/\/wuwei-leibarbeit.com\/wp-content\/uploads\/2024\/09\/24LangstockFertigWerbung-2-1086x1536.jpg 1086w, https:\/\/wuwei-leibarbeit.com\/wp-content\/uploads\/2024\/09\/24LangstockFertigWerbung-2-1448x2048.jpg 1448w, https:\/\/wuwei-leibarbeit.com\/wp-content\/uploads\/2024\/09\/24LangstockFertigWerbung-2-1200x1697.jpg 1200w, https:\/\/wuwei-leibarbeit.com\/wp-content\/uploads\/2024\/09\/24LangstockFertigWerbung-2-1980x2800.jpg 1980w, https:\/\/wuwei-leibarbeit.com\/wp-content\/uploads\/2024\/09\/24LangstockFertigWerbung-2-scaled.jpg 1811w\" sizes=\"(max-width: 724px) 100vw, 724px\" \/><\/figure>\n<\/figure>\n\n\n\n<p><strong>Vergangene Seminare<\/strong><\/p>\n\n\n\n<p>24er Schwertform mit Andrew Dabioch und Ingo Schmitt, 13.07.2024 , 11:00 &#8211; 18 :00 Uhr, TG Schweinfurt.<\/p>\n\n\n\n<p><a href=\"https:\/\/wuwei-leibarbeit.com\/index.php\/sample-page\/seminare\/24er-kurzstock-im-yang-stil\/\">24er Kurzstockform im Yang Stil<\/a>, 26.07.2020, 10:00-18:00, TG Schweinfurt<\/p>\n\n\n\n<p><a href=\"https:\/\/wuwei-leibarbeit.com\/index.php\/sample-page\/seminare\/32er-schwertform-im-yang-stil\/\">32er Schwertform im Yang Stil<\/a>, 11.01.2020, 10:00-18:00, TG Schweinfurt<\/p>\n\n\n\n<p><a href=\"https:\/\/wuwei-leibarbeit.com\/index.php\/24-partnerform-im-yang-stil\/\">24er Partnerform im Yang Stil<\/a>, 16.11.2019, 10:00-18:00, SDS Hambach<\/p>\n","protected":false},"excerpt":{"rendered":"<p>Aktuelle Seminare Vorank\u00fcndigungen: Samstag 19.07.2025 von 11 bis 18 Uhr &#8211; Lange S\u00e4belform mit Andrew Dabioch und Ingo Schmitt ( Gr\u00fcnder und Meister der Tao Academy in Wilhelmshaven) Weiter Informationen, sowie Anmeldung auf der Tao Academy Website http:\/\/www.tao-academy.de F\u00fcr Fragen zum Seminar stehen auch wir per Mail zu verf\u00fcgung: wuwei-leibarbeit@t-online.de Bitte die jeweiligen Anmeldefristen beachten [&hellip;]<\/p>\n","protected":false},"author":1,"featured_media":0,"parent":2,"menu_order":0,"comment_status":"closed","ping_status":"closed","template":"","meta":{"footnotes":""},"_links":{"self":[{"href":"https:\/\/wuwei-leibarbeit.com\/index.php\/wp-json\/wp\/v2\/pages\/18"}],"collection":[{"href":"https:\/\/wuwei-leibarbeit.com\/index.php\/wp-json\/wp\/v2\/pages"}],"about":[{"href":"https:\/\/wuwei-leibarbeit.com\/index.php\/wp-json\/wp\/v2\/types\/page"}],"author":[{"embeddable":true,"href":"https:\/\/wuwei-leibarbeit.com\/index.php\/wp-json\/wp\/v2\/users\/1"}],"replies":[{"embeddable":true,"href":"https:\/\/wuwei-leibarbeit.com\/index.php\/wp-json\/wp\/v2\/comments?post=18"}],"version-history":[{"count":16,"href":"https:\/\/wuwei-leibarbeit.com\/index.php\/wp-json\/wp\/v2\/pages\/18\/revisions"}],"predecessor-version":[{"id":197,"href":"https:\/\/wuwei-leibarbeit.com\/index.php\/wp-json\/wp\/v2\/pages\/18\/revisions\/197"}],"up":[{"embeddable":true,"href":"https:\/\/wuwei-leibarbeit.com\/index.php\/wp-json\/wp\/v2\/pages\/2"}],"wp:attachment":[{"href":"https:\/\/wuwei-leibarbeit.com\/index.php\/wp-json\/wp\/v2\/media?parent=18"}],"curies":[{"name":"wp","href":"https:\/\/api.w.org\/{rel}","templated":true}]}}