{"id":16,"date":"2020-09-04T23:40:39","date_gmt":"2020-09-04T23:40:39","guid":{"rendered":"https:\/\/wuwei-leibarbeit.com\/?page_id=16"},"modified":"2024-05-06T20:39:19","modified_gmt":"2024-05-06T20:39:19","slug":"uber-uns","status":"publish","type":"page","link":"https:\/\/wuwei-leibarbeit.com\/index.php\/sample-page\/uber-uns\/","title":{"rendered":"\u00dcber uns"},"content":{"rendered":"\n<div class=\"wp-block-image is-style-rounded\"><figure class=\"aligncenter size-full\"><img loading=\"lazy\" decoding=\"async\" width=\"212\" height=\"377\" src=\"https:\/\/wuwei-leibarbeit.com\/wp-content\/uploads\/2020\/09\/118764676_428963074730891_5132210180495761832_n-1.jpg\" alt=\"\" class=\"wp-image-44\" srcset=\"https:\/\/wuwei-leibarbeit.com\/wp-content\/uploads\/2020\/09\/118764676_428963074730891_5132210180495761832_n-1.jpg 212w, https:\/\/wuwei-leibarbeit.com\/wp-content\/uploads\/2020\/09\/118764676_428963074730891_5132210180495761832_n-1-169x300.jpg 169w\" sizes=\"(max-width: 212px) 100vw, 212px\" \/><\/figure><\/div>\n\n\n\n<p class=\"has-text-align-center\"><strong>Marina Dittrich<\/strong><\/p>\n\n\n\n<p>Geboren in Schweinfurt begleitet mich die Kampfkunst seit meinem 4. Lebensjahr. Zuerst praktizierte ich bis zu meinem 16. Lebensjahr Judo. Danach wechselte ich in flie\u00dfendem \u00dcbergang zu Tai Chi Chuan und Kung Fu. Nach Jahren intensiven Trainings begann ich selbst zu unterrichten, hier vor allem laufende Kurse und Seminare in Tai Chi sowie Kung Fu. Des Weiteren auch Selbstverteidigungs- sowie Selbstbehauptungskurse f\u00fcr Frauen und Kinder.<\/p>\n\n\n\n<p>Neben der Kampfkunst bin ich als Ergotherapeutin t\u00e4tig und bilde mich k\u00fcnstlerisch weiter.<\/p>\n\n\n\n<p>Die Leib\u00fcbungen aus dem Tai Chi sowie die k\u00fcnstlerischen Ausdrucksweisen finden Anwendung unter anderem in meiner Arbeit als Therapeutin.<\/p>\n\n\n\n<div class=\"wp-block-image is-style-rounded\"><figure class=\"aligncenter size-medium\"><img loading=\"lazy\" decoding=\"async\" width=\"300\" height=\"300\" src=\"https:\/\/wuwei-leibarbeit.com\/wp-content\/uploads\/2020\/09\/107569023_1069846130083954_4240553171855746866_n-300x300.jpg\" alt=\"\" class=\"wp-image-43\" srcset=\"https:\/\/wuwei-leibarbeit.com\/wp-content\/uploads\/2020\/09\/107569023_1069846130083954_4240553171855746866_n-300x300.jpg 300w, https:\/\/wuwei-leibarbeit.com\/wp-content\/uploads\/2020\/09\/107569023_1069846130083954_4240553171855746866_n-1024x1024.jpg 1024w, https:\/\/wuwei-leibarbeit.com\/wp-content\/uploads\/2020\/09\/107569023_1069846130083954_4240553171855746866_n-150x150.jpg 150w, https:\/\/wuwei-leibarbeit.com\/wp-content\/uploads\/2020\/09\/107569023_1069846130083954_4240553171855746866_n-768x768.jpg 768w, https:\/\/wuwei-leibarbeit.com\/wp-content\/uploads\/2020\/09\/107569023_1069846130083954_4240553171855746866_n-1536x1536.jpg 1536w, https:\/\/wuwei-leibarbeit.com\/wp-content\/uploads\/2020\/09\/107569023_1069846130083954_4240553171855746866_n-1200x1200.jpg 1200w, https:\/\/wuwei-leibarbeit.com\/wp-content\/uploads\/2020\/09\/107569023_1069846130083954_4240553171855746866_n-1980x1980.jpg 1980w, https:\/\/wuwei-leibarbeit.com\/wp-content\/uploads\/2020\/09\/107569023_1069846130083954_4240553171855746866_n.jpg 2048w\" sizes=\"(max-width: 300px) 100vw, 300px\" \/><\/figure><\/div>\n\n\n\n<p class=\"has-text-align-center\"><strong>Peter Davey<\/strong><\/p>\n\n\n\n<p>Geboren in Cornwall, England, kam ich im Alter von 14 Jahren mit der Kampfkunst in Ber\u00fchrung. Begonnen habe ich mit Karate an der englischen K\u00fcste. Nach vielen Jahren Erfahrung in diesem Bereich f\u00fchrte mich die Faszination f\u00fcr Asiatische Kampfk\u00fcnste letztendlich zu Tai Chi Chuan und Kung Fu.<\/p>\n\n\n\n<p>2003 nach meinem Umzug nach Deutschland begann ich in beiden Bereichen zu unterrichten.<\/p>\n\n\n\n<p>Neben meiner T\u00e4tigkeit als Kampfk\u00fcnstler bin ich ausgebildeter K\u00fcnstler (Bachelor of Art, Master of Art, Post graduate Certificate of Education). Die Kunst durchflie\u00dft jeden Teil meines Lebens und formt somit meine Pers\u00f6nlichkeit und Haltung.<\/p>\n\n\n\n<p><\/p>\n\n\n\n<p>Wir, Peter und Marina, haben nach Jahrelanger Ausbildung bei  <a href=\"http:\/\/www.tao-academy.de\/index.html\">Andrew Dabioch und Ingo Schmitt<\/a> aus Wilhelmshaven die Meistergradierung erreicht. Auch als Meister der Tao Academy geht das lernen weiter. <\/p>\n\n\n\n<p><\/p>\n","protected":false},"excerpt":{"rendered":"<p>Marina Dittrich Geboren in Schweinfurt begleitet mich die Kampfkunst seit meinem 4. Lebensjahr. Zuerst praktizierte ich bis zu meinem 16. Lebensjahr Judo. Danach wechselte ich in flie\u00dfendem \u00dcbergang zu Tai Chi Chuan und Kung Fu. Nach Jahren intensiven Trainings begann ich selbst zu unterrichten, hier vor allem laufende Kurse und Seminare in Tai Chi sowie [&hellip;]<\/p>\n","protected":false},"author":1,"featured_media":0,"parent":2,"menu_order":0,"comment_status":"closed","ping_status":"closed","template":"","meta":{"footnotes":""},"_links":{"self":[{"href":"https:\/\/wuwei-leibarbeit.com\/index.php\/wp-json\/wp\/v2\/pages\/16"}],"collection":[{"href":"https:\/\/wuwei-leibarbeit.com\/index.php\/wp-json\/wp\/v2\/pages"}],"about":[{"href":"https:\/\/wuwei-leibarbeit.com\/index.php\/wp-json\/wp\/v2\/types\/page"}],"author":[{"embeddable":true,"href":"https:\/\/wuwei-leibarbeit.com\/index.php\/wp-json\/wp\/v2\/users\/1"}],"replies":[{"embeddable":true,"href":"https:\/\/wuwei-leibarbeit.com\/index.php\/wp-json\/wp\/v2\/comments?post=16"}],"version-history":[{"count":10,"href":"https:\/\/wuwei-leibarbeit.com\/index.php\/wp-json\/wp\/v2\/pages\/16\/revisions"}],"predecessor-version":[{"id":166,"href":"https:\/\/wuwei-leibarbeit.com\/index.php\/wp-json\/wp\/v2\/pages\/16\/revisions\/166"}],"up":[{"embeddable":true,"href":"https:\/\/wuwei-leibarbeit.com\/index.php\/wp-json\/wp\/v2\/pages\/2"}],"wp:attachment":[{"href":"https:\/\/wuwei-leibarbeit.com\/index.php\/wp-json\/wp\/v2\/media?parent=16"}],"curies":[{"name":"wp","href":"https:\/\/api.w.org\/{rel}","templated":true}]}}